{"id":45,"date":"2010-11-27T12:50:09","date_gmt":"2010-11-27T12:50:09","guid":{"rendered":"http:\/\/www.klangmoebel.net\/wp\/?page_id=45"},"modified":"2011-01-18T22:56:39","modified_gmt":"2011-01-18T22:56:39","slug":"about","status":"publish","type":"page","link":"https:\/\/www.klangmoebel.net\/wp\/?page_id=45","title":{"rendered":"\u00fcber"},"content":{"rendered":"<p><strong>klangm\u0153bel<\/strong> bezieht sich auf den Begriff <em>musique d\u2019ameublement<\/em>, mit dem Erik Satie 1917 Repetitive- und Ambientmusik vorweggenommen hat.<br \/>\n<strong>klangm\u0153bel<\/strong> ist ein Label f\u00fcr Musik mit installativem Aspekt an der Grenze zur experimentellen Popmusik.<br \/>\n<strong>klangmoebel<\/strong> ver\u00f6ffentlicht Musik die Raum f\u00fcr Assoziationen l\u00e4sst.<br \/>\n<strong>klangm\u0153bel<\/strong><em>-musique d\u2019ameublement<\/em> l\u00e4sst sich keinem Genre zuordnen, bewegt sich auf jeder Seite der Grenze.<br \/>\n&#8230; und wurde Anfang 2011 von Christiane Hommelsheim und Ralf Haarmann in Berlin gegr\u00fcndet.<\/p>\n","protected":false},"excerpt":{"rendered":"<p>klangm\u0153bel bezieht sich auf den Begriff musique d\u2019ameublement, mit dem Erik Satie 1917 Repetitive- und Ambientmusik vorweggenommen hat. klangm\u0153bel ist<\/p>\n","protected":false},"author":1,"featured_media":0,"parent":0,"menu_order":0,"comment_status":"closed","ping_status":"closed","template":"","meta":{"colormag_page_layout":"default_layout","footnotes":""},"class_list":["post-45","page","type-page","status-publish","hentry"],"_links":{"self":[{"href":"https:\/\/www.klangmoebel.net\/wp\/index.php?rest_route=\/wp\/v2\/pages\/45","targetHints":{"allow":["GET"]}}],"collection":[{"href":"https:\/\/www.klangmoebel.net\/wp\/index.php?rest_route=\/wp\/v2\/pages"}],"about":[{"href":"https:\/\/www.klangmoebel.net\/wp\/index.php?rest_route=\/wp\/v2\/types\/page"}],"author":[{"embeddable":true,"href":"https:\/\/www.klangmoebel.net\/wp\/index.php?rest_route=\/wp\/v2\/users\/1"}],"replies":[{"embeddable":true,"href":"https:\/\/www.klangmoebel.net\/wp\/index.php?rest_route=%2Fwp%2Fv2%2Fcomments&post=45"}],"version-history":[{"count":14,"href":"https:\/\/www.klangmoebel.net\/wp\/index.php?rest_route=\/wp\/v2\/pages\/45\/revisions"}],"predecessor-version":[{"id":81,"href":"https:\/\/www.klangmoebel.net\/wp\/index.php?rest_route=\/wp\/v2\/pages\/45\/revisions\/81"}],"wp:attachment":[{"href":"https:\/\/www.klangmoebel.net\/wp\/index.php?rest_route=%2Fwp%2Fv2%2Fmedia&parent=45"}],"curies":[{"name":"wp","href":"https:\/\/api.w.org\/{rel}","templated":true}]}}