{"id":641,"date":"2017-02-01T22:25:59","date_gmt":"2017-02-01T22:25:59","guid":{"rendered":"http:\/\/www.klangmoebel.net\/wp\/?page_id=641"},"modified":"2025-03-01T16:53:20","modified_gmt":"2025-03-01T16:53:20","slug":"sudio","status":"publish","type":"page","link":"https:\/\/www.klangmoebel.net\/wp\/?page_id=641","title":{"rendered":""},"content":{"rendered":"<h3><strong>klangm\u0153bel audiospace<\/strong><\/h3>\n<p><strong>Das Podcast- und H\u00f6rspiel-Studio in M\u00fcnster<\/strong><\/p>\n<p><a href=\"http:\/\/www.studio.klangmoebel.net\/\">http:\/\/www.studio.klangmoebel.net\/<\/a><\/p>\n<p>&nbsp;<\/p>\n<p><a href=\"https:\/\/www.klangmoebel.net\/wp\/wp-content\/uploads\/mikros.jpg\"><img loading=\"lazy\" decoding=\"async\" class=\"alignnone size-medium wp-image-976\" src=\"https:\/\/www.klangmoebel.net\/wp\/wp-content\/uploads\/mikros-300x225.jpg\" alt=\"\" width=\"300\" height=\"225\" srcset=\"https:\/\/www.klangmoebel.net\/wp\/wp-content\/uploads\/mikros-300x225.jpg 300w, https:\/\/www.klangmoebel.net\/wp\/wp-content\/uploads\/mikros-1024x768.jpg 1024w, https:\/\/www.klangmoebel.net\/wp\/wp-content\/uploads\/mikros-768x576.jpg 768w, https:\/\/www.klangmoebel.net\/wp\/wp-content\/uploads\/mikros-1536x1152.jpg 1536w, https:\/\/www.klangmoebel.net\/wp\/wp-content\/uploads\/mikros.jpg 2000w\" sizes=\"auto, (max-width: 300px) 100vw, 300px\" \/><\/a><\/p>\n","protected":false},"excerpt":{"rendered":"<p>klangm\u0153bel audiospace Das Podcast- und H\u00f6rspiel-Studio in M\u00fcnster http:\/\/www.studio.klangmoebel.net\/ &nbsp;<\/p>\n","protected":false},"author":1,"featured_media":0,"parent":0,"menu_order":0,"comment_status":"closed","ping_status":"closed","template":"","meta":{"colormag_page_layout":"default_layout","footnotes":""},"class_list":["post-641","page","type-page","status-publish","hentry"],"_links":{"self":[{"href":"https:\/\/www.klangmoebel.net\/wp\/index.php?rest_route=\/wp\/v2\/pages\/641","targetHints":{"allow":["GET"]}}],"collection":[{"href":"https:\/\/www.klangmoebel.net\/wp\/index.php?rest_route=\/wp\/v2\/pages"}],"about":[{"href":"https:\/\/www.klangmoebel.net\/wp\/index.php?rest_route=\/wp\/v2\/types\/page"}],"author":[{"embeddable":true,"href":"https:\/\/www.klangmoebel.net\/wp\/index.php?rest_route=\/wp\/v2\/users\/1"}],"replies":[{"embeddable":true,"href":"https:\/\/www.klangmoebel.net\/wp\/index.php?rest_route=%2Fwp%2Fv2%2Fcomments&post=641"}],"version-history":[{"count":6,"href":"https:\/\/www.klangmoebel.net\/wp\/index.php?rest_route=\/wp\/v2\/pages\/641\/revisions"}],"predecessor-version":[{"id":978,"href":"https:\/\/www.klangmoebel.net\/wp\/index.php?rest_route=\/wp\/v2\/pages\/641\/revisions\/978"}],"wp:attachment":[{"href":"https:\/\/www.klangmoebel.net\/wp\/index.php?rest_route=%2Fwp%2Fv2%2Fmedia&parent=641"}],"curies":[{"name":"wp","href":"https:\/\/api.w.org\/{rel}","templated":true}]}}